{"id":1925,"date":"2025-07-07T10:47:08","date_gmt":"2025-07-07T10:47:08","guid":{"rendered":"https:\/\/casadbrasao.pt\/?page_id=1925"},"modified":"2025-07-07T10:50:56","modified_gmt":"2025-07-07T10:50:56","slug":"elementor-pagina-1925","status":"publish","type":"page","link":"https:\/\/casadbrasao.pt\/?page_id=1925","title":{"rendered":"Pol\u00edtica de Cookies"},"content":{"rendered":"\t\t<div data-elementor-type=\"wp-page\" data-elementor-id=\"1925\" class=\"elementor elementor-1925\">\n\t\t\t\t<div class=\"elementor-element elementor-element-25bbfeb e-flex e-con-boxed e-con e-parent\" data-id=\"25bbfeb\" data-element_type=\"container\">\n\t\t\t\t\t<div class=\"e-con-inner\">\n\t\t\t\t<div class=\"elementor-element elementor-element-1793c77 elementor-widget elementor-widget-heading\" data-id=\"1793c77\" data-element_type=\"widget\" data-widget_type=\"heading.default\">\n\t\t\t\t<div class=\"elementor-widget-container\">\n\t\t\t\t\t<h2 class=\"elementor-heading-title elementor-size-default\">Pol\u00edtica de Cookies<\/h2>\t\t\t\t<\/div>\n\t\t\t\t<\/div>\n\t\t\t\t\t<\/div>\n\t\t\t\t<\/div>\n\t\t<div class=\"elementor-element elementor-element-b429ffe e-flex e-con-boxed e-con e-parent\" data-id=\"b429ffe\" data-element_type=\"container\">\n\t\t\t\t\t<div class=\"e-con-inner\">\n\t\t\t\t<div class=\"elementor-element elementor-element-60c5ad8 elementor-widget elementor-widget-text-editor\" data-id=\"60c5ad8\" data-element_type=\"widget\" data-widget_type=\"text-editor.default\">\n\t\t\t\t<div class=\"elementor-widget-container\">\n\t\t\t\t\t\t\t\t\t<p>Este site utiliza cookies.<\/p><p>\u00a0Ao navegar, est\u00e1 a aceitar a presente pol\u00edtica e a consequente utiliza\u00e7\u00e3o de cookies de acordo com as condi\u00e7\u00f5es descritas.<\/p><p><strong><span class=\"font-18 barlow-regular text-secondary text-green\">O que s\u00e3o cookies?<\/span><br \/><\/strong>Cookies s\u00e3o ficheiros que s\u00e3o instalados no seu browser ou dispositivo que usa para aceder a sites ou aplica\u00e7\u00f5es. Estes permitem recolher informa\u00e7\u00e3o estat\u00edstica, facilitar algumas funcionalidades t\u00e9cnicas e recolher dados sobre os h\u00e1bitos de navega\u00e7\u00e3o dos utilizadores. Note que estes n\u00e3o recolhem dados pessoais.<\/p><p><strong><span class=\"font-18 barlow-regular text-secondary text-green\">Porque usamos cookies?<\/span><br \/><\/strong>O nosso site usa cookies para que possa navegar mais r\u00e1pida e eficientemente no nosso site.<\/p><p><strong><span class=\"font-18 barlow-regular text-secondary text-green\">Podemos utilizar dois tipos de cookies:<\/span><br \/><span class=\"text-secondary\">Cookies permanentes:<\/span><\/strong>\u00a0s\u00e3o cookies que ficam guardados no seu browser ou dispositivo e s\u00e3o sempre utilizados quando faz uma nova visita ao nosso site.<br \/><span class=\"text-secondary\"><strong>Cookies de sess\u00e3o:\u00a0<\/strong><\/span>s\u00e3o cookies tempor\u00e1rios que ficam armazenados no seu browser enquanto navega no nosso site.<\/p><p><strong><span class=\"font-18 barlow-regular text-secondary text-green\">No nosso site existem os seguintes tipos de cookies:<\/span><br \/><span class=\"text-secondary\">Cookies de publicidade:<\/span>\u00a0<\/strong>Usamos estes cookies para tornar a publicidade mais relevante e direcionada para os utilizadores e mais rent\u00e1vel para os anunciantes.<br \/><strong><span class=\"text-secondary\">Cookies anal\u00edticos:<\/span>\u00a0<\/strong>s\u00e3o utilizados para criar e analisar dados estat\u00edsticos sobre a utiliza\u00e7\u00e3o do site. Aceita\u00e7\u00e3o dos cookies Ao continuar a navegar no nosso site est\u00e1 a aceitar a utiliza\u00e7\u00e3o de cookies. Note que pode sempre alterar a sua configura\u00e7\u00e3o de cookies no seu navegador (browser). No entanto tenha em aten\u00e7\u00e3o que algumas funcionalidades ou servi\u00e7os do site podem n\u00e3o estar dispon\u00edveis.<\/p><p><strong><span class=\"font-18 barlow-regular text-secondary text-green\">Altera\u00e7\u00e3o da configura\u00e7\u00e3o dos cookies e a limpeza dos mesmos<\/span><br \/><\/strong>Pode fazer a gest\u00e3o dos cookies diretamente no seu navegador ou dispositivo.<\/p>\t\t\t\t\t\t\t\t<\/div>\n\t\t\t\t<\/div>\n\t\t\t\t\t<\/div>\n\t\t\t\t<\/div>\n\t\t\t\t<\/div>\n\t\t","protected":false},"excerpt":{"rendered":"<p>Pol\u00edtica de Cookies Este site utiliza cookies. \u00a0Ao navegar, est\u00e1 a aceitar a presente pol\u00edtica e a consequente utiliza\u00e7\u00e3o de cookies de acordo com as condi\u00e7\u00f5es descritas. O que s\u00e3o cookies?Cookies s\u00e3o ficheiros que s\u00e3o instalados no seu browser ou dispositivo que usa para aceder a sites ou aplica\u00e7\u00f5es. Estes permitem recolher informa\u00e7\u00e3o estat\u00edstica, facilitar &hellip;<\/p>\n<p class=\"read-more\"> <a class=\"\" href=\"https:\/\/casadbrasao.pt\/?page_id=1925\"> <span class=\"screen-reader-text\">Pol\u00edtica de Cookies<\/span> Read More &raquo;<\/a><\/p>\n","protected":false},"author":1,"featured_media":0,"parent":0,"menu_order":0,"comment_status":"closed","ping_status":"closed","template":"","meta":{"site-sidebar-layout":"no-sidebar","site-content-layout":"page-builder","ast-global-header-display":"","ast-main-header-display":"","ast-hfb-above-header-display":"","ast-hfb-below-header-display":"","ast-hfb-mobile-header-display":"","site-post-title":"disabled","ast-breadcrumbs-content":"","ast-featured-img":"disabled","footer-sml-layout":"","theme-transparent-header-meta":"","adv-header-id-meta":"","stick-header-meta":"","header-above-stick-meta":"","header-main-stick-meta":"","header-below-stick-meta":"","_joinchat":[],"footnotes":""},"class_list":["post-1925","page","type-page","status-publish","hentry"],"_links":{"self":[{"href":"https:\/\/casadbrasao.pt\/index.php?rest_route=\/wp\/v2\/pages\/1925","targetHints":{"allow":["GET"]}}],"collection":[{"href":"https:\/\/casadbrasao.pt\/index.php?rest_route=\/wp\/v2\/pages"}],"about":[{"href":"https:\/\/casadbrasao.pt\/index.php?rest_route=\/wp\/v2\/types\/page"}],"author":[{"embeddable":true,"href":"https:\/\/casadbrasao.pt\/index.php?rest_route=\/wp\/v2\/users\/1"}],"replies":[{"embeddable":true,"href":"https:\/\/casadbrasao.pt\/index.php?rest_route=%2Fwp%2Fv2%2Fcomments&post=1925"}],"version-history":[{"count":5,"href":"https:\/\/casadbrasao.pt\/index.php?rest_route=\/wp\/v2\/pages\/1925\/revisions"}],"predecessor-version":[{"id":1931,"href":"https:\/\/casadbrasao.pt\/index.php?rest_route=\/wp\/v2\/pages\/1925\/revisions\/1931"}],"wp:attachment":[{"href":"https:\/\/casadbrasao.pt\/index.php?rest_route=%2Fwp%2Fv2%2Fmedia&parent=1925"}],"curies":[{"name":"wp","href":"https:\/\/api.w.org\/{rel}","templated":true}]}}